{"id":1984,"date":"2022-02-10T09:21:45","date_gmt":"2022-02-10T07:21:45","guid":{"rendered":"https:\/\/www.kulinaariatoit.ee\/tule-toole\/"},"modified":"2024-03-22T12:42:03","modified_gmt":"2024-03-22T10:42:03","slug":"tule-toole","status":"publish","type":"page","link":"https:\/\/www.kulinaariatoit.ee\/en\/tule-toole\/","title":{"rendered":"Kulinaaria is awaiting applicants to join its team!"},"content":{"rendered":"<p>&nbsp;<\/p>\n\n\t<div class=\"twocol-table small\">\n\t\t\n\t\t<div class=\"twocol-one twocol-img last\">\n\t\t\t\n\t\t\t\t\t\t\t\t\t\t\t\t\t\t\t <img loading=\"lazy\" decoding=\"async\" width=\"1024\" height=\"1024\" src=\"https:\/\/www.kulinaariatoit.ee\/wp-content\/uploads\/2024\/03\/logo-grupp-1.png\" class=\"attachment-square-large size-square-large\" alt=\"\" \/>\t\t\t\t\t\t\t\t\t\t<br \/>\n\t\t\t\t\t\t\t\n\t\t<\/div>\n\t\t\n\t\t<div class=\"twocol-one \">\n\t\t\t\n\t\t\t\t\t\t\t\t\t<h2>About Us<\/h2>\n\t\t\t\t\t\t\t\t\t\t\t\t\t<p><strong>Kulinaaria O\u00dc is a leading Estonian food production company with extensive experience, which produces a wide range of ready-made food, salads, desserts, confectionery products and party food.<\/strong><\/p>\n<p>The production facility is located in Tallinn and employs nearly 300 people. Each day we dispatch about 20 tons of products from our factory.<\/p>\n<p>Selveri K\u00f6\u00f6k and Van Kook are trademarks of Kulinaaria O\u00dc.<\/p>\n<p>\n\t\t\t\t\t\t\t\t\t\t\t\t\t<a href=\"https:\/\/www.kulinaariatoit.ee\/en\/meist\/\" class=\"button\">Read more<\/a>\n\t\t\t\t\t\t\t\n\t\t<\/div>\n\n\t<\/div>\n\n\t\n\n\t<div class=\"twocol-table \">\n\t\t\n\t\t<div class=\"twocol-one twocol-img \">\n\t\t\t\n\t\t\t\t\t\t\t\t\t\t\t\t\t\t\t <img loading=\"lazy\" decoding=\"async\" width=\"1024\" height=\"1024\" src=\"https:\/\/www.kulinaariatoit.ee\/wp-content\/uploads\/2022\/02\/cookie-black-1024x1024.png\" class=\"attachment-square-large size-square-large\" alt=\"\" \/>\t\t\t\t\t\t\t\t\t\t<br \/>\n\t\t\t\t\t\t\t\n\t\t<\/div>\n\t\t\n\t\t<div class=\"twocol-one last\">\n\t\t\t\n\t\t\t\t\t\t\t\t\t<h2>What we offer<\/h2>\n\t\t\t\t\t\t\t\t\t\t\t\t\t<p><strong>Kulinaaria O\u00dc invests in its employees\u2019 development, and supports an active lifestyle and family values<\/strong><\/p>\n<ul>\n<li>We support sporting activities and a healthy lifestyle for our employees (sports association)<\/li>\n<li>Discounts on our products<\/li>\n<li>Additional discount for \u2018Partner Card\u2019 cardholders<\/li>\n<li>We support families and family values: wedding, birth of a child, starting school<\/li>\n<li>We recognise long-term employees<\/li>\n<li>Joint events<\/li>\n<li>Career opportunities<\/li>\n<\/ul>\n<p>\n\t\t\t\t\t\t\t\t\t\t\t\t\t<a href=\"https:\/\/www.cvkeskus.ee\/kulinaaria-ou-toopakkumised-178755\" class=\"button\">See job offers<\/a>\n\t\t\t\t\t\t\t\n\t\t<\/div>\n\n\t<\/div>\n\n\t\n\n\t\t<div class=\"alignnone\">\n\t\t\t\t<div class=\"fix\"><\/div>\t\t\n\t\t\t\t<div class=\"article-cover\">\n\t\t\t\t   <div class=\"article-cover__background sliderpost_intervjuu\"><\/div>\n\t\t\t\t\t  <div class=\"article-cover__inner\">\n\t\t\t\t\t\t<div class=\"article-cover__content\">\n\t\t\t\t\t\t\t\n\t\t\t\t\t\t\t\t\t\t\t\t\t\t<div class=\"article-cover__header\">\n\t\t\t\t\t\t\t\t<header><a href=\"https:\/\/www.kulinaariatoit.ee\/en\/tag\/stories\/\" title=\"Kulinaaria employee stories\">\n\t\t\t\t\t\t\t\t\t<span class=\"entry-via\">Read more <i class=\"fal fa-arrow-circle-right\" aria-hidden=\"true\"><\/i><\/span>\n\t\t\t\t\t\t\t\t\t<h1 class=\"title entry-title title-prominent\">\n\t\t\t\t\t\t\t\t\t<span class=\"text-prominent\">Kulinaaria employee stories<\/span><\/h1><\/a><\/header>\t\t\t\t\n\t\t\t\t\t\t\t<\/div>\n\t\t\t\t\t\t\t\t\t\t\t<\/div>\n\t\t\t  <\/div>\n\t\t\t<\/div>\n\t\t\t\n\t\t\t\t\t\t\t\t\t\t\t\t\t\t\t\t\t\t\t\n\t\t\t\n\n\t\t\t\n\t\t<script>\n\t\t\t\n\t\tjQuery( document ).ready(function() {\n\n\t\t var myElement_intervjuu = jQuery('.sliderpost_intervjuu');\n\t\t var myelementWatcher_intervjuu = scrollMonitor.create( myElement_intervjuu );\n\t\t myelementWatcher_intervjuu.enterViewport(function() {\t\n\t\t myelementWatcher_intervjuu.destroy(); \n\n\t\t setTimeout( function() {\n\t\t  var massiveBackroundintervjuu = new Image();\n\t\t  massiveBackroundintervjuu.src=\"https:\/\/www.kulinaariatoit.ee\/wp-content\/uploads\/2022\/02\/20_jan_2022_kulinaaria_048-1.jpg\";\n\t\t  massiveBackroundintervjuu.onload = function() {\n\t\t\t  jQuery('.sliderpost_intervjuu').css('background-image', 'url(' + massiveBackroundintervjuu.src + ')');\n\t\t\t  jQuery('.sliderpost_intervjuu').removeClass( 'blurry' );\n\t\t\t  jQuery('.sliderpost_intervjuu').addClass( 'loaded' );\t  \n\t\t\t};\n\t\t }, 0);\n\n\t\t });\n\n\t\t});\n\n\t\t<\/script>\n\n\t\t<style>\n\t\t.article-cover__background.sliderpost_intervjuu {\n\t\tbackground-image: url(https:\/\/www.kulinaariatoit.ee\/wp-content\/uploads\/2022\/02\/20_jan_2022_kulinaaria_048-1-128x85.jpg);\n\t\topacity: 0.6;\n\t\tbackground-position: center center;\n\t\t}\n\t\t<\/style>\n\n\t\t<\/div>\n\n\t\n","protected":false},"excerpt":{"rendered":"<p>&nbsp;  <a href=\"https:\/\/www.kulinaariatoit.ee\/en\/tule-toole\/\">&nbsp;&raquo;&nbsp;Read more<\/a><\/p>\n","protected":false},"author":1,"featured_media":1288,"parent":0,"menu_order":28,"comment_status":"closed","ping_status":"closed","template":"template-big-clean.php","meta":{"footnotes":""},"class_list":["post-1984","page","type-page","status-publish","has-post-thumbnail","hentry"],"yoast_head":"<!-- This site is optimized with the Yoast SEO plugin v27.4 - https:\/\/yoast.com\/product\/yoast-seo-wordpress\/ -->\n<title>Kulinaaria is awaiting applicants to join its team! - Kulinaaria<\/title>\n<meta name=\"robots\" content=\"index, follow, max-snippet:-1, max-image-preview:large, max-video-preview:-1\" \/>\n<link rel=\"canonical\" href=\"https:\/\/www.kulinaariatoit.ee\/en\/tule-toole\/\" \/>\n<meta property=\"og:locale\" content=\"en_US\" \/>\n<meta property=\"og:type\" content=\"article\" \/>\n<meta property=\"og:title\" content=\"Kulinaaria is awaiting applicants to join its team! - Kulinaaria\" \/>\n<meta property=\"og:description\" content=\"&nbsp; &nbsp;&raquo;&nbsp;Read more\" \/>\n<meta property=\"og:url\" content=\"https:\/\/www.kulinaariatoit.ee\/en\/tule-toole\/\" \/>\n<meta property=\"og:site_name\" content=\"Kulinaaria\" \/>\n<meta property=\"article:publisher\" content=\"https:\/\/www.facebook.com\/selvereesti\/\" \/>\n<meta property=\"article:modified_time\" content=\"2024-03-22T10:42:03+00:00\" \/>\n<meta property=\"og:image\" content=\"https:\/\/www.kulinaariatoit.ee\/wp-content\/uploads\/2022\/02\/tule-toole.jpg\" \/>\n\t<meta property=\"og:image:width\" content=\"2050\" \/>\n\t<meta property=\"og:image:height\" content=\"1366\" \/>\n\t<meta property=\"og:image:type\" content=\"image\/jpeg\" \/>\n<meta name=\"twitter:card\" content=\"summary_large_image\" \/>\n<meta name=\"twitter:label1\" content=\"Est. reading time\" \/>\n\t<meta name=\"twitter:data1\" content=\"2 minutes\" \/>\n<script type=\"application\/ld+json\" class=\"yoast-schema-graph\">{\"@context\":\"https:\\\/\\\/schema.org\",\"@graph\":[{\"@type\":\"WebPage\",\"@id\":\"https:\\\/\\\/www.kulinaariatoit.ee\\\/en\\\/tule-toole\\\/\",\"url\":\"https:\\\/\\\/www.kulinaariatoit.ee\\\/en\\\/tule-toole\\\/\",\"name\":\"Kulinaaria is awaiting applicants to join its team! - Kulinaaria\",\"isPartOf\":{\"@id\":\"https:\\\/\\\/www.kulinaariatoit.ee\\\/en\\\/#website\"},\"primaryImageOfPage\":{\"@id\":\"https:\\\/\\\/www.kulinaariatoit.ee\\\/en\\\/tule-toole\\\/#primaryimage\"},\"image\":{\"@id\":\"https:\\\/\\\/www.kulinaariatoit.ee\\\/en\\\/tule-toole\\\/#primaryimage\"},\"thumbnailUrl\":\"https:\\\/\\\/www.kulinaariatoit.ee\\\/wp-content\\\/uploads\\\/2022\\\/02\\\/tule-toole.jpg\",\"datePublished\":\"2022-02-10T07:21:45+00:00\",\"dateModified\":\"2024-03-22T10:42:03+00:00\",\"breadcrumb\":{\"@id\":\"https:\\\/\\\/www.kulinaariatoit.ee\\\/en\\\/tule-toole\\\/#breadcrumb\"},\"inLanguage\":\"en-US\",\"potentialAction\":[{\"@type\":\"ReadAction\",\"target\":[\"https:\\\/\\\/www.kulinaariatoit.ee\\\/en\\\/tule-toole\\\/\"]}]},{\"@type\":\"ImageObject\",\"inLanguage\":\"en-US\",\"@id\":\"https:\\\/\\\/www.kulinaariatoit.ee\\\/en\\\/tule-toole\\\/#primaryimage\",\"url\":\"https:\\\/\\\/www.kulinaariatoit.ee\\\/wp-content\\\/uploads\\\/2022\\\/02\\\/tule-toole.jpg\",\"contentUrl\":\"https:\\\/\\\/www.kulinaariatoit.ee\\\/wp-content\\\/uploads\\\/2022\\\/02\\\/tule-toole.jpg\",\"width\":2050,\"height\":1366},{\"@type\":\"BreadcrumbList\",\"@id\":\"https:\\\/\\\/www.kulinaariatoit.ee\\\/en\\\/tule-toole\\\/#breadcrumb\",\"itemListElement\":[{\"@type\":\"ListItem\",\"position\":1,\"name\":\"Home\",\"item\":\"https:\\\/\\\/www.kulinaariatoit.ee\\\/en\\\/\"},{\"@type\":\"ListItem\",\"position\":2,\"name\":\"Kulinaaria is awaiting applicants to join its team!\"}]},{\"@type\":\"WebSite\",\"@id\":\"https:\\\/\\\/www.kulinaariatoit.ee\\\/en\\\/#website\",\"url\":\"https:\\\/\\\/www.kulinaariatoit.ee\\\/en\\\/\",\"name\":\"Kulinaaria\",\"description\":\"K\u00f5ige kodusemad maitsed\",\"potentialAction\":[{\"@type\":\"SearchAction\",\"target\":{\"@type\":\"EntryPoint\",\"urlTemplate\":\"https:\\\/\\\/www.kulinaariatoit.ee\\\/en\\\/?s={search_term_string}\"},\"query-input\":{\"@type\":\"PropertyValueSpecification\",\"valueRequired\":true,\"valueName\":\"search_term_string\"}}],\"inLanguage\":\"en-US\"}]}<\/script>\n<!-- \/ Yoast SEO plugin. -->","yoast_head_json":{"title":"Kulinaaria is awaiting applicants to join its team! - Kulinaaria","robots":{"index":"index","follow":"follow","max-snippet":"max-snippet:-1","max-image-preview":"max-image-preview:large","max-video-preview":"max-video-preview:-1"},"canonical":"https:\/\/www.kulinaariatoit.ee\/en\/tule-toole\/","og_locale":"en_US","og_type":"article","og_title":"Kulinaaria is awaiting applicants to join its team! - Kulinaaria","og_description":"&nbsp; &nbsp;&raquo;&nbsp;Read more","og_url":"https:\/\/www.kulinaariatoit.ee\/en\/tule-toole\/","og_site_name":"Kulinaaria","article_publisher":"https:\/\/www.facebook.com\/selvereesti\/","article_modified_time":"2024-03-22T10:42:03+00:00","og_image":[{"width":2050,"height":1366,"url":"https:\/\/www.kulinaariatoit.ee\/wp-content\/uploads\/2022\/02\/tule-toole.jpg","type":"image\/jpeg"}],"twitter_card":"summary_large_image","twitter_misc":{"Est. reading time":"2 minutes"},"schema":{"@context":"https:\/\/schema.org","@graph":[{"@type":"WebPage","@id":"https:\/\/www.kulinaariatoit.ee\/en\/tule-toole\/","url":"https:\/\/www.kulinaariatoit.ee\/en\/tule-toole\/","name":"Kulinaaria is awaiting applicants to join its team! - Kulinaaria","isPartOf":{"@id":"https:\/\/www.kulinaariatoit.ee\/en\/#website"},"primaryImageOfPage":{"@id":"https:\/\/www.kulinaariatoit.ee\/en\/tule-toole\/#primaryimage"},"image":{"@id":"https:\/\/www.kulinaariatoit.ee\/en\/tule-toole\/#primaryimage"},"thumbnailUrl":"https:\/\/www.kulinaariatoit.ee\/wp-content\/uploads\/2022\/02\/tule-toole.jpg","datePublished":"2022-02-10T07:21:45+00:00","dateModified":"2024-03-22T10:42:03+00:00","breadcrumb":{"@id":"https:\/\/www.kulinaariatoit.ee\/en\/tule-toole\/#breadcrumb"},"inLanguage":"en-US","potentialAction":[{"@type":"ReadAction","target":["https:\/\/www.kulinaariatoit.ee\/en\/tule-toole\/"]}]},{"@type":"ImageObject","inLanguage":"en-US","@id":"https:\/\/www.kulinaariatoit.ee\/en\/tule-toole\/#primaryimage","url":"https:\/\/www.kulinaariatoit.ee\/wp-content\/uploads\/2022\/02\/tule-toole.jpg","contentUrl":"https:\/\/www.kulinaariatoit.ee\/wp-content\/uploads\/2022\/02\/tule-toole.jpg","width":2050,"height":1366},{"@type":"BreadcrumbList","@id":"https:\/\/www.kulinaariatoit.ee\/en\/tule-toole\/#breadcrumb","itemListElement":[{"@type":"ListItem","position":1,"name":"Home","item":"https:\/\/www.kulinaariatoit.ee\/en\/"},{"@type":"ListItem","position":2,"name":"Kulinaaria is awaiting applicants to join its team!"}]},{"@type":"WebSite","@id":"https:\/\/www.kulinaariatoit.ee\/en\/#website","url":"https:\/\/www.kulinaariatoit.ee\/en\/","name":"Kulinaaria","description":"K\u00f5ige kodusemad maitsed","potentialAction":[{"@type":"SearchAction","target":{"@type":"EntryPoint","urlTemplate":"https:\/\/www.kulinaariatoit.ee\/en\/?s={search_term_string}"},"query-input":{"@type":"PropertyValueSpecification","valueRequired":true,"valueName":"search_term_string"}}],"inLanguage":"en-US"}]}},"_links":{"self":[{"href":"https:\/\/www.kulinaariatoit.ee\/en\/wp-json\/wp\/v2\/pages\/1984","targetHints":{"allow":["GET"]}}],"collection":[{"href":"https:\/\/www.kulinaariatoit.ee\/en\/wp-json\/wp\/v2\/pages"}],"about":[{"href":"https:\/\/www.kulinaariatoit.ee\/en\/wp-json\/wp\/v2\/types\/page"}],"author":[{"embeddable":true,"href":"https:\/\/www.kulinaariatoit.ee\/en\/wp-json\/wp\/v2\/users\/1"}],"replies":[{"embeddable":true,"href":"https:\/\/www.kulinaariatoit.ee\/en\/wp-json\/wp\/v2\/comments?post=1984"}],"version-history":[{"count":6,"href":"https:\/\/www.kulinaariatoit.ee\/en\/wp-json\/wp\/v2\/pages\/1984\/revisions"}],"predecessor-version":[{"id":3051,"href":"https:\/\/www.kulinaariatoit.ee\/en\/wp-json\/wp\/v2\/pages\/1984\/revisions\/3051"}],"wp:featuredmedia":[{"embeddable":true,"href":"https:\/\/www.kulinaariatoit.ee\/en\/wp-json\/wp\/v2\/media\/1288"}],"wp:attachment":[{"href":"https:\/\/www.kulinaariatoit.ee\/en\/wp-json\/wp\/v2\/media?parent=1984"}],"curies":[{"name":"wp","href":"https:\/\/api.w.org\/{rel}","templated":true}]}}