{"id":1970,"date":"2022-02-14T12:25:00","date_gmt":"2022-02-14T10:25:00","guid":{"rendered":"https:\/\/www.kulinaariatoit.ee\/kulinaaria-tooted\/"},"modified":"2025-04-24T10:23:54","modified_gmt":"2025-04-24T08:23:54","slug":"kulinaaria-tooted","status":"publish","type":"page","link":"https:\/\/www.kulinaariatoit.ee\/en\/kulinaaria-tooted\/","title":{"rendered":"Kulinaaria products"},"content":{"rendered":"<h2><\/h2>\n<h2><\/h2>\n<h2>The original 50 products have now become a portfolio of more than 400 products.<\/h2>\n<p>The most popular products of Selveri K\u00f6\u00f6k have always been mashed potatoes, meat casseroles, liver p\u00e2t\u00e9, potato and ham salad, and semolina mousse. While baked potatoes and birthday salads are most often bought in December, sushi and cocktail salads are most popular in July.<\/p>\n<p>&nbsp;<\/p>\n\n\t<div class=\"twocol-table \">\n\t\t\n\t\t<div class=\"twocol-one twocol-img \">\n\t\t\t\n\t\t\t\t\t\t\t\t\t\t\t\t\t\t\t <img loading=\"lazy\" decoding=\"async\" width=\"1024\" height=\"1024\" src=\"https:\/\/www.kulinaariatoit.ee\/wp-content\/uploads\/2022\/02\/salad-black-1-1024x1024.jpg\" class=\"attachment-square-large size-square-large\" alt=\"\" \/>\t\t\t\t\t\t\t\t\t\t<br \/>\n\t\t\t\t\t\t\t\n\t\t<\/div>\n\t\t\n\t\t<div class=\"twocol-one last\">\n\t\t\t\n\t\t\t\t\t\t\t\t\t<h2>Cold dishes<\/h2>\n\t\t\t\t\t\t\t\t\t\t\t\t\t<\/p>\n<ul>\n<li>Salads: including mayonnaise salad, raw food salads and cocktail salads<\/li>\n<li>Party food: appetisers and platters<\/li>\n<li>Sushi<\/li>\n<li>Sandwiches<\/li>\n<li>Pizza toppings<\/li>\n<li>Dips, salad dressings and spreads<\/li>\n<\/ul>\n<p>\n\t\t\t\t\t\t\t\t\t\t\t\n\t\t<\/div>\n\n\t<\/div>\n\n\t\n\n\t<div class=\"twocol-table small\">\n\t\t\n\t\t<div class=\"twocol-one twocol-img last\">\n\t\t\t\n\t\t\t\t\t\t\t\t\t\t\t\t\t\t\t <img loading=\"lazy\" decoding=\"async\" width=\"1024\" height=\"1024\" src=\"https:\/\/www.kulinaariatoit.ee\/wp-content\/uploads\/2022\/02\/soup-black-1-1024x1024.jpg\" class=\"attachment-square-large size-square-large\" alt=\"\" \/>\t\t\t\t\t\t\t\t\t\t<br \/>\n\t\t\t\t\t\t\t\n\t\t<\/div>\n\t\t\n\t\t<div class=\"twocol-one \">\n\t\t\t\n\t\t\t\t\t\t\t\t\t<h2>Hot food<\/h2>\n\t\t\t\t\t\t\t\t\t\t\t\t\t<\/p>\n<ul>\n<li>Soups<\/li>\n<li>Sauces<\/li>\n<li>Meals<\/li>\n<li>Casseroles<\/li>\n<li>Cutlets<\/li>\n<li>Side dishes<\/li>\n<\/ul>\n<p>\n\t\t\t\t\t\t\t\t\t\t\t\n\t\t<\/div>\n\n\t<\/div>\n\n\t\n\n\t<div class=\"twocol-table \">\n\t\t\n\t\t<div class=\"twocol-one twocol-img \">\n\t\t\t\n\t\t\t\t\t\t\t\t\t\t\t\t\t\t\t <img loading=\"lazy\" decoding=\"async\" width=\"1024\" height=\"1024\" src=\"https:\/\/www.kulinaariatoit.ee\/wp-content\/uploads\/2022\/02\/cake-black-1-1024x1024.jpg\" class=\"attachment-square-large size-square-large\" alt=\"\" \/>\t\t\t\t\t\t\t\t\t\t<br \/>\n\t\t\t\t\t\t\t\n\t\t<\/div>\n\t\t\n\t\t<div class=\"twocol-one last\">\n\t\t\t\n\t\t\t\t\t\t\t\t\t<h2>Desserts and confectionery<\/h2>\n\t\t\t\t\t\t\t\t\t\t\t\t\t<\/p>\n<ul>\n<li>Tortes<\/li>\n<li>Cakes and rolls<\/li>\n<li>Cookies and sweet snacks<\/li>\n<li>Doughs<\/li>\n<li>Puddings<\/li>\n<li>Desserts<\/li>\n<li>Jellies<\/li>\n<\/ul>\n<p>\n\t\t\t\t\t\t\t\t\t\t\t\n\t\t<\/div>\n\n\t<\/div>\n\n\t\n\n\t<div class=\"twocol-table \">\n\t\t\n\t\t<div class=\"twocol-one twocol-img last\">\n\t\t\t\n\t\t\t\t\t\t\t\t\t\t\t\t\t\t\t <img loading=\"lazy\" decoding=\"async\" width=\"1024\" height=\"1024\" src=\"https:\/\/www.kulinaariatoit.ee\/wp-content\/uploads\/2022\/03\/pakend-must-3-1024x1024.jpg\" class=\"attachment-square-large size-square-large\" alt=\"\" \/>\t\t\t\t\t\t\t\t\t\t<br \/>\n\t\t\t\t\t\t\t\n\t\t<\/div>\n\t\t\n\t\t<div class=\"twocol-one \">\n\t\t\t\n\t\t\t\t\t\t\t\t\t<h2>Packaging<\/h2>\n\t\t\t\t\t\t\t\t\t\t\t\t\t<\/p>\n<ul>\n<li>Packaging options<\/li>\n<\/ul>\n<p>\n\t\t\t\t\t\t\t\t\t\t\t\n\t\t<\/div>\n\n\t<\/div>\n\n\t\n\n\t\t<div class=\"alignnone\">\n\t\t\t\t<div class=\"fix\"><\/div>\t\t\n\t\t\t\t<div class=\"article-cover\">\n\t\t\t\t   <div class=\"article-cover__background sliderpost_1337628156279179\"><\/div>\n\t\t\t\t\t  <div class=\"article-cover__inner\">\n\t\t\t\t\t\t<div class=\"article-cover__content\">\n\t\t\t\t\t\t\t\n\t\t\t\t\t\t\t\t\t\t\t\t\t\t<div class=\"article-cover__header\">\n\t\t\t\t\t\t\t\t<header><a href=\"https:\/\/www.kulinaariatoit.ee\/en\/blogi\/\" title=\"New products, recipes, inspiration\">\n\t\t\t\t\t\t\t\t\t<span class=\"entry-via\">Read our blog <i class=\"fal fa-arrow-circle-right\" aria-hidden=\"true\"><\/i><\/span>\n\t\t\t\t\t\t\t\t\t<h1 class=\"title entry-title title-prominent\">\n\t\t\t\t\t\t\t\t\t<span class=\"text-prominent\">New products, recipes, inspiration<\/span><\/h1><\/a><\/header>\t\t\t\t\n\t\t\t\t\t\t\t<\/div>\n\t\t\t\t\t\t\t\t\t\t\t<\/div>\n\t\t\t  <\/div>\n\t\t\t<\/div>\n\t\t\t\n\t\t\t\t\t\t\t\t\t\t\t\t\t\t\t\t\t\t\t\n\t\t\t\n\n\t\t\t\n\t\t<script>\n\t\t\t\n\t\tjQuery( document ).ready(function() {\n\n\t\t var myElement_1337628156279179 = jQuery('.sliderpost_1337628156279179');\n\t\t var myelementWatcher_1337628156279179 = scrollMonitor.create( myElement_1337628156279179 );\n\t\t myelementWatcher_1337628156279179.enterViewport(function() {\t\n\t\t myelementWatcher_1337628156279179.destroy(); \n\n\t\t setTimeout( function() {\n\t\t  var massiveBackround1337628156279179 = new Image();\n\t\t  massiveBackround1337628156279179.src=\"https:\/\/www.kulinaariatoit.ee\/wp-content\/uploads\/2022\/02\/cookie-yellow-align.jpg\";\n\t\t  massiveBackround1337628156279179.onload = function() {\n\t\t\t  jQuery('.sliderpost_1337628156279179').css('background-image', 'url(' + massiveBackround1337628156279179.src + ')');\n\t\t\t  jQuery('.sliderpost_1337628156279179').removeClass( 'blurry' );\n\t\t\t  jQuery('.sliderpost_1337628156279179').addClass( 'loaded' );\t  \n\t\t\t};\n\t\t }, 0);\n\n\t\t });\n\n\t\t});\n\n\t\t<\/script>\n\n\t\t<style>\n\t\t.article-cover__background.sliderpost_1337628156279179 {\n\t\tbackground-image: url(https:\/\/www.kulinaariatoit.ee\/wp-content\/uploads\/2022\/02\/cookie-yellow-align-128x85.jpg);\n\t\topacity: 0.6;\n\t\tbackground-position: center center;\n\t\t}\n\t\t<\/style>\n\n\t\t<\/div>\n\n\t\n","protected":false},"excerpt":{"rendered":"<p>The original 50 products have now become a portfolio of more than 400 products.<br \/>\nThe most popular products of Selveri K\u00f6\u00f6k have always been mashed potatoes, meat casseroles, liver p\u00e2t\u00e9, potato and ham salad, and semolina mousse. While baked potatoes and birthday salads are most often bought in December, sushi and cocktail salads are most popular in July.<br \/>\n&nbsp;  <a href=\"https:\/\/www.kulinaariatoit.ee\/en\/kulinaaria-tooted\/\">&nbsp;&raquo;&nbsp;Read more<\/a><\/p>\n","protected":false},"author":1,"featured_media":1623,"parent":0,"menu_order":31,"comment_status":"closed","ping_status":"closed","template":"template-big-clean.php","meta":{"footnotes":""},"class_list":["post-1970","page","type-page","status-publish","has-post-thumbnail","hentry"],"yoast_head":"<!-- This site is optimized with the Yoast SEO plugin v27.4 - https:\/\/yoast.com\/product\/yoast-seo-wordpress\/ -->\n<title>Kulinaaria products - Kulinaaria<\/title>\n<meta name=\"robots\" content=\"index, follow, max-snippet:-1, max-image-preview:large, max-video-preview:-1\" \/>\n<link rel=\"canonical\" href=\"https:\/\/www.kulinaariatoit.ee\/en\/kulinaaria-tooted\/\" \/>\n<meta property=\"og:locale\" content=\"en_US\" \/>\n<meta property=\"og:type\" content=\"article\" \/>\n<meta property=\"og:title\" content=\"Kulinaaria products - Kulinaaria\" \/>\n<meta property=\"og:description\" content=\"The original 50 products have now become a portfolio of more than 400 products. The most popular products of Selveri K\u00f6\u00f6k have always been mashed potatoes, meat casseroles, liver p\u00e2t\u00e9, potato and ham salad, and semolina mousse. While baked potatoes and birthday salads are most often bought in December, sushi and cocktail salads are most popular in July. &nbsp; &nbsp;&raquo;&nbsp;Read more\" \/>\n<meta property=\"og:url\" content=\"https:\/\/www.kulinaariatoit.ee\/en\/kulinaaria-tooted\/\" \/>\n<meta property=\"og:site_name\" content=\"Kulinaaria\" \/>\n<meta property=\"article:publisher\" content=\"https:\/\/www.facebook.com\/selvereesti\/\" \/>\n<meta property=\"article:modified_time\" content=\"2025-04-24T08:23:54+00:00\" \/>\n<meta property=\"og:image\" content=\"https:\/\/www.kulinaariatoit.ee\/wp-content\/uploads\/2022\/03\/poke-pink-slide-frontpage.jpg\" \/>\n\t<meta property=\"og:image:width\" content=\"2048\" \/>\n\t<meta property=\"og:image:height\" content=\"1367\" \/>\n\t<meta property=\"og:image:type\" content=\"image\/jpeg\" \/>\n<meta name=\"twitter:card\" content=\"summary_large_image\" \/>\n<meta name=\"twitter:label1\" content=\"Est. reading time\" \/>\n\t<meta name=\"twitter:data1\" content=\"1 minute\" \/>\n<script type=\"application\/ld+json\" class=\"yoast-schema-graph\">{\"@context\":\"https:\\\/\\\/schema.org\",\"@graph\":[{\"@type\":\"WebPage\",\"@id\":\"https:\\\/\\\/www.kulinaariatoit.ee\\\/en\\\/kulinaaria-tooted\\\/\",\"url\":\"https:\\\/\\\/www.kulinaariatoit.ee\\\/en\\\/kulinaaria-tooted\\\/\",\"name\":\"Kulinaaria products - Kulinaaria\",\"isPartOf\":{\"@id\":\"https:\\\/\\\/www.kulinaariatoit.ee\\\/en\\\/#website\"},\"primaryImageOfPage\":{\"@id\":\"https:\\\/\\\/www.kulinaariatoit.ee\\\/en\\\/kulinaaria-tooted\\\/#primaryimage\"},\"image\":{\"@id\":\"https:\\\/\\\/www.kulinaariatoit.ee\\\/en\\\/kulinaaria-tooted\\\/#primaryimage\"},\"thumbnailUrl\":\"https:\\\/\\\/www.kulinaariatoit.ee\\\/wp-content\\\/uploads\\\/2022\\\/03\\\/poke-pink-slide-frontpage.jpg\",\"datePublished\":\"2022-02-14T10:25:00+00:00\",\"dateModified\":\"2025-04-24T08:23:54+00:00\",\"breadcrumb\":{\"@id\":\"https:\\\/\\\/www.kulinaariatoit.ee\\\/en\\\/kulinaaria-tooted\\\/#breadcrumb\"},\"inLanguage\":\"en-US\",\"potentialAction\":[{\"@type\":\"ReadAction\",\"target\":[\"https:\\\/\\\/www.kulinaariatoit.ee\\\/en\\\/kulinaaria-tooted\\\/\"]}]},{\"@type\":\"ImageObject\",\"inLanguage\":\"en-US\",\"@id\":\"https:\\\/\\\/www.kulinaariatoit.ee\\\/en\\\/kulinaaria-tooted\\\/#primaryimage\",\"url\":\"https:\\\/\\\/www.kulinaariatoit.ee\\\/wp-content\\\/uploads\\\/2022\\\/03\\\/poke-pink-slide-frontpage.jpg\",\"contentUrl\":\"https:\\\/\\\/www.kulinaariatoit.ee\\\/wp-content\\\/uploads\\\/2022\\\/03\\\/poke-pink-slide-frontpage.jpg\",\"width\":2048,\"height\":1367},{\"@type\":\"BreadcrumbList\",\"@id\":\"https:\\\/\\\/www.kulinaariatoit.ee\\\/en\\\/kulinaaria-tooted\\\/#breadcrumb\",\"itemListElement\":[{\"@type\":\"ListItem\",\"position\":1,\"name\":\"Home\",\"item\":\"https:\\\/\\\/www.kulinaariatoit.ee\\\/en\\\/\"},{\"@type\":\"ListItem\",\"position\":2,\"name\":\"Kulinaaria products\"}]},{\"@type\":\"WebSite\",\"@id\":\"https:\\\/\\\/www.kulinaariatoit.ee\\\/en\\\/#website\",\"url\":\"https:\\\/\\\/www.kulinaariatoit.ee\\\/en\\\/\",\"name\":\"Kulinaaria\",\"description\":\"K\u00f5ige kodusemad maitsed\",\"potentialAction\":[{\"@type\":\"SearchAction\",\"target\":{\"@type\":\"EntryPoint\",\"urlTemplate\":\"https:\\\/\\\/www.kulinaariatoit.ee\\\/en\\\/?s={search_term_string}\"},\"query-input\":{\"@type\":\"PropertyValueSpecification\",\"valueRequired\":true,\"valueName\":\"search_term_string\"}}],\"inLanguage\":\"en-US\"}]}<\/script>\n<!-- \/ Yoast SEO plugin. -->","yoast_head_json":{"title":"Kulinaaria products - Kulinaaria","robots":{"index":"index","follow":"follow","max-snippet":"max-snippet:-1","max-image-preview":"max-image-preview:large","max-video-preview":"max-video-preview:-1"},"canonical":"https:\/\/www.kulinaariatoit.ee\/en\/kulinaaria-tooted\/","og_locale":"en_US","og_type":"article","og_title":"Kulinaaria products - Kulinaaria","og_description":"The original 50 products have now become a portfolio of more than 400 products. The most popular products of Selveri K\u00f6\u00f6k have always been mashed potatoes, meat casseroles, liver p\u00e2t\u00e9, potato and ham salad, and semolina mousse. While baked potatoes and birthday salads are most often bought in December, sushi and cocktail salads are most popular in July. &nbsp; &nbsp;&raquo;&nbsp;Read more","og_url":"https:\/\/www.kulinaariatoit.ee\/en\/kulinaaria-tooted\/","og_site_name":"Kulinaaria","article_publisher":"https:\/\/www.facebook.com\/selvereesti\/","article_modified_time":"2025-04-24T08:23:54+00:00","og_image":[{"width":2048,"height":1367,"url":"https:\/\/www.kulinaariatoit.ee\/wp-content\/uploads\/2022\/03\/poke-pink-slide-frontpage.jpg","type":"image\/jpeg"}],"twitter_card":"summary_large_image","twitter_misc":{"Est. reading time":"1 minute"},"schema":{"@context":"https:\/\/schema.org","@graph":[{"@type":"WebPage","@id":"https:\/\/www.kulinaariatoit.ee\/en\/kulinaaria-tooted\/","url":"https:\/\/www.kulinaariatoit.ee\/en\/kulinaaria-tooted\/","name":"Kulinaaria products - Kulinaaria","isPartOf":{"@id":"https:\/\/www.kulinaariatoit.ee\/en\/#website"},"primaryImageOfPage":{"@id":"https:\/\/www.kulinaariatoit.ee\/en\/kulinaaria-tooted\/#primaryimage"},"image":{"@id":"https:\/\/www.kulinaariatoit.ee\/en\/kulinaaria-tooted\/#primaryimage"},"thumbnailUrl":"https:\/\/www.kulinaariatoit.ee\/wp-content\/uploads\/2022\/03\/poke-pink-slide-frontpage.jpg","datePublished":"2022-02-14T10:25:00+00:00","dateModified":"2025-04-24T08:23:54+00:00","breadcrumb":{"@id":"https:\/\/www.kulinaariatoit.ee\/en\/kulinaaria-tooted\/#breadcrumb"},"inLanguage":"en-US","potentialAction":[{"@type":"ReadAction","target":["https:\/\/www.kulinaariatoit.ee\/en\/kulinaaria-tooted\/"]}]},{"@type":"ImageObject","inLanguage":"en-US","@id":"https:\/\/www.kulinaariatoit.ee\/en\/kulinaaria-tooted\/#primaryimage","url":"https:\/\/www.kulinaariatoit.ee\/wp-content\/uploads\/2022\/03\/poke-pink-slide-frontpage.jpg","contentUrl":"https:\/\/www.kulinaariatoit.ee\/wp-content\/uploads\/2022\/03\/poke-pink-slide-frontpage.jpg","width":2048,"height":1367},{"@type":"BreadcrumbList","@id":"https:\/\/www.kulinaariatoit.ee\/en\/kulinaaria-tooted\/#breadcrumb","itemListElement":[{"@type":"ListItem","position":1,"name":"Home","item":"https:\/\/www.kulinaariatoit.ee\/en\/"},{"@type":"ListItem","position":2,"name":"Kulinaaria products"}]},{"@type":"WebSite","@id":"https:\/\/www.kulinaariatoit.ee\/en\/#website","url":"https:\/\/www.kulinaariatoit.ee\/en\/","name":"Kulinaaria","description":"K\u00f5ige kodusemad maitsed","potentialAction":[{"@type":"SearchAction","target":{"@type":"EntryPoint","urlTemplate":"https:\/\/www.kulinaariatoit.ee\/en\/?s={search_term_string}"},"query-input":{"@type":"PropertyValueSpecification","valueRequired":true,"valueName":"search_term_string"}}],"inLanguage":"en-US"}]}},"_links":{"self":[{"href":"https:\/\/www.kulinaariatoit.ee\/en\/wp-json\/wp\/v2\/pages\/1970","targetHints":{"allow":["GET"]}}],"collection":[{"href":"https:\/\/www.kulinaariatoit.ee\/en\/wp-json\/wp\/v2\/pages"}],"about":[{"href":"https:\/\/www.kulinaariatoit.ee\/en\/wp-json\/wp\/v2\/types\/page"}],"author":[{"embeddable":true,"href":"https:\/\/www.kulinaariatoit.ee\/en\/wp-json\/wp\/v2\/users\/1"}],"replies":[{"embeddable":true,"href":"https:\/\/www.kulinaariatoit.ee\/en\/wp-json\/wp\/v2\/comments?post=1970"}],"version-history":[{"count":7,"href":"https:\/\/www.kulinaariatoit.ee\/en\/wp-json\/wp\/v2\/pages\/1970\/revisions"}],"predecessor-version":[{"id":3635,"href":"https:\/\/www.kulinaariatoit.ee\/en\/wp-json\/wp\/v2\/pages\/1970\/revisions\/3635"}],"wp:featuredmedia":[{"embeddable":true,"href":"https:\/\/www.kulinaariatoit.ee\/en\/wp-json\/wp\/v2\/media\/1623"}],"wp:attachment":[{"href":"https:\/\/www.kulinaariatoit.ee\/en\/wp-json\/wp\/v2\/media?parent=1970"}],"curies":[{"name":"wp","href":"https:\/\/api.w.org\/{rel}","templated":true}]}}